{"id":43,"date":"2025-10-17T20:54:26","date_gmt":"2025-10-17T20:54:26","guid":{"rendered":"https:\/\/mamasoypaquito.mx\/?page_id=43"},"modified":"2025-10-30T01:37:21","modified_gmt":"2025-10-30T01:37:21","slug":"leyendas","status":"publish","type":"page","link":"https:\/\/mamasoypaquito.mx\/index.php\/leyendas\/","title":{"rendered":"Leyendas &#8211; contadas por mi"},"content":{"rendered":"\n<p>Yo no crec\u00ed entre libros viejos ni archivos de historiadores\u2026 crec\u00ed escuchando historias en voz baja: en el mercado, en el pante\u00f3n, en el cerro y en los portales del pueblo. Ah\u00ed aprend\u00ed que Atlixco no solo se camina \u2014se cuenta.<\/p>\n\n\n\n<p>Aqu\u00ed re\u00fano las leyendas que han pasado de boca en boca por generaciones y que ahora me toca a m\u00ed escribir y compartir. No las cambio, solo las visto con mis ojos: los de un abogado que ama su tierra, cree en su gente y respeta lo que el tiempo no ha podido borrar.<\/p>\n\n\n\n<p>Si\u00e9ntate, mira y lee con calma. Las leyendas viven mientras alguien est\u00e9 dispuesto a escucharlas.<\/p>\n","protected":false},"excerpt":{"rendered":"<p>Yo no crec\u00ed entre libros viejos ni archivos de historiadores\u2026 crec\u00ed escuchando historias en voz baja: en el mercado, en el pante\u00f3n, en el cerro y en los portales del pueblo. Ah\u00ed aprend\u00ed que Atlixco no solo se camina \u2014se cuenta. Aqu\u00ed re\u00fano las leyendas que han pasado de boca en boca por generaciones y [&hellip;]<\/p>\n","protected":false},"author":1,"featured_media":72,"parent":0,"menu_order":0,"comment_status":"closed","ping_status":"closed","template":"","meta":{"footnotes":""},"class_list":["post-43","page","type-page","status-publish","has-post-thumbnail","hentry"],"_links":{"self":[{"href":"https:\/\/mamasoypaquito.mx\/index.php\/wp-json\/wp\/v2\/pages\/43","targetHints":{"allow":["GET"]}}],"collection":[{"href":"https:\/\/mamasoypaquito.mx\/index.php\/wp-json\/wp\/v2\/pages"}],"about":[{"href":"https:\/\/mamasoypaquito.mx\/index.php\/wp-json\/wp\/v2\/types\/page"}],"author":[{"embeddable":true,"href":"https:\/\/mamasoypaquito.mx\/index.php\/wp-json\/wp\/v2\/users\/1"}],"replies":[{"embeddable":true,"href":"https:\/\/mamasoypaquito.mx\/index.php\/wp-json\/wp\/v2\/comments?post=43"}],"version-history":[{"count":5,"href":"https:\/\/mamasoypaquito.mx\/index.php\/wp-json\/wp\/v2\/pages\/43\/revisions"}],"predecessor-version":[{"id":78,"href":"https:\/\/mamasoypaquito.mx\/index.php\/wp-json\/wp\/v2\/pages\/43\/revisions\/78"}],"wp:featuredmedia":[{"embeddable":true,"href":"https:\/\/mamasoypaquito.mx\/index.php\/wp-json\/wp\/v2\/media\/72"}],"wp:attachment":[{"href":"https:\/\/mamasoypaquito.mx\/index.php\/wp-json\/wp\/v2\/media?parent=43"}],"curies":[{"name":"wp","href":"https:\/\/api.w.org\/{rel}","templated":true}]}}